{"id":833,"date":"2021-02-10T14:58:49","date_gmt":"2021-02-10T14:58:49","guid":{"rendered":"http:\/\/klaaramanni.ee\/?page_id=833"},"modified":"2025-10-08T15:34:18","modified_gmt":"2025-10-08T12:34:18","slug":"kontakt","status":"publish","type":"page","link":"https:\/\/klaaramanni.ee\/en\/kontakt\/","title":{"rendered":"Contact"},"content":{"rendered":"<div class=\"section-title left\">\n    <img decoding=\"async\" src=\"https:\/\/klaaramanni.ee\/wp-content\/themes\/klaaramanni\/assets\/img\/klaara_bike.png\" \/>\n    <h3>Contacts<\/h3>\n    <h2>Klaara-Manni Holiday Centre<\/h2>\n<\/div>\n<div class=\"wp-block-columns is-layout-flex wp-container-core-columns-is-layout-9d6595d7 wp-block-columns-is-layout-flex\">\n<div class=\"wp-block-column is-layout-flow wp-block-column-is-layout-flow\">\n<p><strong>INFORMATION AND BOOKING:<\/strong><br\/>Email: <a href=\"http:\/\/info@klaaramanni.ee\/\" target=\"_blank\" rel=\"noreferrer noopener\">info@klaaramanni.ee<\/a><br\/>Kadi Ruumet, Tel. <a href=\"tel:\" title=\"tel:\">+372 58 032 913<\/a><br\/><br\/><\/p>\n<\/div>\n\n\n\n<div class=\"wp-block-column is-layout-flow wp-block-column-is-layout-flow\">\n<p><br\/><\/p>\n<\/div>\n\n\n\n<div class=\"wp-block-column is-layout-flow wp-block-column-is-layout-flow\">\n<p><strong>Legal contact:<\/strong><br\/>Klaara-Manni O\u00dc<br\/>P\u00f5hjala 3, Randiv\u00e4lja k\u00fcla<br\/>Tori vald, P\u00e4rnumaa 86814<br\/>Reg nr: 10836254<br\/>KMKR: EE100916162<\/p>\n<\/div>\n<\/div>\n\n<div class=\"wp-block-columns is-layout-flex wp-container-core-columns-is-layout-9d6595d7 wp-block-columns-is-layout-flex\">\n<div class=\"wp-block-column is-layout-flow wp-block-column-is-layout-flow\">\n<h2 class=\"wp-block-heading\">Location<\/h2>\n\n\n\n<p>Tori Centre 2 km, Soomaa Visitor Centre 22 km<br\/>P\u00e4rnu 24 km, Tallinn 134 km, Tartu 164 km, Riga 194 km<\/p>\n\n\n\n<p>If you use public transport, you can get to us by bus (the bus stop RANDIV\u00c4LJA is 500m from us, the bus stop TORI is 2km from us).<br\/>\n  <strong>\n    <a href=\"https:\/\/g.page\/klaaramanni?share\" target=\"_blank\" rel=\"noreferrer noopener\">Google Maps location<\/a>\n  <\/strong>\n<\/p>\n\n\n\n<iframe loading=\"lazy\" src=\"https:\/\/www.google.com\/maps\/embed?pb=!1m18!1m12!1m3!1d7018.170275739565!2d24.78635979261327!3d58.469002155535485!2m3!1f0!2f0!3f0!3m2!1i1024!2i768!4f13.1!3m3!1m2!1s0x0%3A0x892dff33662f0b7c!2sKlaara-Manni%20Holiday%20Center!5e0!3m2!1sen!2see!4v1612946256359!5m2!1sen!2see\" width=\"400\" height=\"400\" frameborder=\"0\" style=\"border:0;\" allowfullscreen=\"\" aria-hidden=\"false\" tabindex=\"0\"><\/iframe>\n<\/div>\n\n\n\n<div class=\"wp-block-column is-layout-flow wp-block-column-is-layout-flow\">\n<h2 class=\"wp-block-heading\">Get in touch!<\/h2>\n\n\n<div class='fluentform ff-default fluentform_wrapper_2  ff_guten_block ff_guten_block-2 ffs_default_wrap'><form data-form_id=\"2\" id=\"fluentform_2\" class=\"frm-fluent-form fluent_form_2 ff-el-form-top ff_form_instance_2_1 ff-form-loading ffs_default\" data-form_instance=\"ff_form_instance_2_1\" method=\"POST\" ><fieldset  style=\"border: none!important;margin: 0!important;padding: 0!important;background-color: transparent!important;box-shadow: none!important;outline: none!important; min-inline-size: 100%;\">\n                    <legend class=\"ff_screen_reader_title\" style=\"display: block; margin: 0!important;padding: 0!important;height: 0!important;text-indent: -999999px;width: 0!important;overflow:hidden;\">Kontaktvorm<\/legend>        <div\n                style=\"display: none!important; position: absolute!important; transform: translateX(1000%)!important;\"\n                class=\"ff-el-group ff-hpsf-container\"\n        >\n            <div class=\"ff-el-input--label asterisk-right\">\n                <label for=\"ff_2_item_sf\" aria-label=\"Contact\">\n                    Contact                <\/label>\n            <\/div>\n            <div class=\"ff-el-input--content\">\n                <input type=\"text\"\n                       name=\"item_2__fluent_sf\"\n                       class=\"ff-el-form-control\"\n                       id=\"ff_2_item_sf\"\n                \/>\n            <\/div>\n        <\/div>\n        <input type='hidden' name='__fluent_form_embded_post_id' value='833' \/><input type=\"hidden\" id=\"_fluentform_2_fluentformnonce\" name=\"_fluentform_2_fluentformnonce\" value=\"ed7840a0ad\" \/><input type=\"hidden\" name=\"_wp_http_referer\" value=\"\/en\/wp-json\/wp\/v2\/pages\/833\" \/><div data-type=\"name-element\" data-name=\"names\" class=\" ff-field_container ff-name-field-wrapper\" ><div class='ff-t-container'><div class='ff-t-cell '><div class='ff-el-group'><div class=\"ff-el-input--label ff-el-is-required asterisk-right\"><label for='ff_2_names_first_name_' id='label_ff_2_names_first_name_' >Nimi<\/label><\/div><div class='ff-el-input--content'><input type=\"text\" name=\"names[first_name]\" id=\"ff_2_names_first_name_\" class=\"ff-el-form-control\" aria-invalid=\"false\" aria-required=true><\/div><\/div><\/div><\/div><\/div><div class='ff-el-group'><div class=\"ff-el-input--label ff-el-is-required asterisk-right\"><label for='ff_2_email' id='label_ff_2_email' aria-label=\"E-posti aadress\">E-posti aadress<\/label><\/div><div class='ff-el-input--content'><input type=\"email\" name=\"email\" id=\"ff_2_email\" class=\"ff-el-form-control\" data-name=\"email\"  aria-invalid=\"false\" aria-required=true><\/div><\/div><div class='ff-el-group'><div class=\"ff-el-input--label asterisk-right\"><label for='ff_2_subject' id='label_ff_2_subject' aria-label=\"Telefon\">Telefon<\/label><\/div><div class='ff-el-input--content'><input type=\"text\" name=\"subject\" class=\"ff-el-form-control\" data-name=\"subject\" id=\"ff_2_subject\"  aria-invalid=\"false\" aria-required=false><\/div><\/div><div class='ff-el-group'><div class=\"ff-el-input--label ff-el-is-required asterisk-right\"><label for='ff_2_message' id='label_ff_2_message' aria-label=\"Teie s\u00f5num\">Teie s\u00f5num<\/label><\/div><div class='ff-el-input--content'><textarea aria-required=\"true\" aria-labelledby=\"label_ff_2_message\" name=\"message\" id=\"ff_2_message\" class=\"ff-el-form-control\" placeholder=\"Kuidas saame aidata?\" rows=\"4\" cols=\"2\" data-name=\"message\" ><\/textarea><\/div><\/div><div class='ff-el-group ' ><div class='ff-el-input--content'><div data-fluent_id='2' name='g-recaptcha-response'><div\n\t\tdata-sitekey='6Lf0a_QrAAAAAKveY9Ff0FbcVYTTPoSXRk2OxZgU'\n\t\tid='fluentform-recaptcha-2-1'\n\t\tclass='ff-el-recaptcha g-recaptcha'\n\t\tdata-callback='fluentFormrecaptchaSuccessCallback'><\/div><\/div><\/div><\/div><div class='ff-el-group ff-text-left ff_submit_btn_wrapper'><button type=\"submit\" class=\"ff-btn ff-btn-submit ff-btn-md ff_btn_style wpf_has_custom_css\"  aria-label=\"Saadan\">Saadan<\/button><\/div><\/fieldset><\/form><div id='fluentform_2_errors' class='ff-errors-in-stack ff_form_instance_2_1 ff-form-loading_errors ff_form_instance_2_1_errors'><\/div><\/div>            <script type=\"text\/javascript\">\n                window.fluent_form_ff_form_instance_2_1 = {\"id\":\"2\",\"settings\":{\"layout\":{\"labelPlacement\":\"top\",\"helpMessagePlacement\":\"with_label\",\"errorMessagePlacement\":\"inline\",\"asteriskPlacement\":\"asterisk-right\"},\"id\":\"39\",\"restrictions\":{\"denyEmptySubmission\":{\"enabled\":false}}},\"form_instance\":\"ff_form_instance_2_1\",\"form_id_selector\":\"fluentform_2\",\"rules\":{\"names[first_name]\":{\"required\":{\"value\":true,\"message\":\"Palun t\\u00e4itke, et teaksime, kellega suhtleme!\"}},\"names[middle_name]\":{\"required\":{\"value\":false,\"message\":\"This field is required\"}},\"names[last_name]\":{\"required\":{\"value\":false,\"message\":\"This field is required\"}},\"email\":{\"required\":{\"value\":true,\"message\":\"Palun t\\u00e4itke, et saaksime teile vastuse saata!\"},\"email\":{\"value\":true,\"message\":\"This field must contain a valid email\"}},\"subject\":{\"required\":{\"value\":false,\"message\":\"This field is required\"}},\"message\":{\"required\":{\"value\":true,\"message\":\"This field is required\"}}},\"debounce_time\":300};\n                            <\/script>\n            <\/div>\n<\/div>\n\n<p><\/p>\n\n<p><\/p>\n","protected":false},"excerpt":{"rendered":"<p>INFORMATION AND BOOKING:Email: info@klaaramanni.eeKadi Ruumet, Tel. +372 58 032 913 Legal contact:Klaara-Manni O\u00dcP\u00f5hjala 3, Randiv\u00e4lja k\u00fclaTori vald, P\u00e4rnumaa 86814Reg nr: 10836254KMKR: EE100916162 Location Tori Centre 2 km, Soomaa Visitor Centre 22 kmP\u00e4rnu 24 km, Tallinn 134 km, Tartu 164 km, Riga 194 km If you use public transport, you can get to us by bus [&hellip;]<\/p>\n","protected":false},"author":1,"featured_media":0,"parent":0,"menu_order":0,"comment_status":"closed","ping_status":"closed","template":"","meta":{"_acf_changed":false,"om_disable_all_campaigns":false,"_uag_custom_page_level_css":"","footnotes":""},"class_list":["post-833","page","type-page","status-publish","hentry"],"acf":[],"aioseo_notices":[],"uagb_featured_image_src":{"full":false,"thumbnail":false,"medium":false,"medium_large":false,"large":false,"1536x1536":false,"2048x2048":false},"uagb_author_info":{"display_name":"tanel.soronet","author_link":"https:\/\/klaaramanni.ee\/en\/author\/tanel-soronet\/"},"uagb_comment_info":0,"uagb_excerpt":"INFORMATION AND BOOKING:Email: info@klaaramanni.eeKadi Ruumet, Tel. +372 58 032 913 Legal contact:Klaara-Manni O\u00dcP\u00f5hjala 3, Randiv\u00e4lja k\u00fclaTori vald, P\u00e4rnumaa 86814Reg nr: 10836254KMKR: EE100916162 Location Tori Centre 2 km, Soomaa Visitor Centre 22 kmP\u00e4rnu 24 km, Tallinn 134 km, Tartu 164 km, Riga 194 km If you use public transport, you can get to us by bus&hellip;","_links":{"self":[{"href":"https:\/\/klaaramanni.ee\/en\/wp-json\/wp\/v2\/pages\/833","targetHints":{"allow":["GET"]}}],"collection":[{"href":"https:\/\/klaaramanni.ee\/en\/wp-json\/wp\/v2\/pages"}],"about":[{"href":"https:\/\/klaaramanni.ee\/en\/wp-json\/wp\/v2\/types\/page"}],"author":[{"embeddable":true,"href":"https:\/\/klaaramanni.ee\/en\/wp-json\/wp\/v2\/users\/1"}],"replies":[{"embeddable":true,"href":"https:\/\/klaaramanni.ee\/en\/wp-json\/wp\/v2\/comments?post=833"}],"version-history":[{"count":15,"href":"https:\/\/klaaramanni.ee\/en\/wp-json\/wp\/v2\/pages\/833\/revisions"}],"predecessor-version":[{"id":3699,"href":"https:\/\/klaaramanni.ee\/en\/wp-json\/wp\/v2\/pages\/833\/revisions\/3699"}],"wp:attachment":[{"href":"https:\/\/klaaramanni.ee\/en\/wp-json\/wp\/v2\/media?parent=833"}],"curies":[{"name":"wp","href":"https:\/\/api.w.org\/{rel}","templated":true}]}}